{"id":1100,"date":"2026-03-05T10:56:09","date_gmt":"2026-03-05T10:56:09","guid":{"rendered":"https:\/\/neowaybyose.com\/certificaciones\/"},"modified":"2026-03-05T10:56:09","modified_gmt":"2026-03-05T10:56:09","slug":"certificaciones","status":"publish","type":"page","link":"https:\/\/neowaybyose.com\/en\/certificaciones\/","title":{"rendered":"Certificaciones"},"content":{"rendered":"<div class=\"nw-page-hero\">\n<div class=\"nw-page-container\">\n<h1>Certificaciones<\/h1>\n<p>Transparencia total. Todas las certificaciones y homologaciones de la baliza Neoway V16 disponibles para descarga p\u00fablica.<\/p>\n<\/p><\/div>\n<\/div>\n<div class=\"nw-page-section\">\n<div class=\"nw-page-container\">\n<h2 class=\"nw-section-title\">Certificaciones del Producto<\/h2>\n<p class=\"nw-section-subtitle\">Documentos oficiales de conformidad, ensayos y homologaciones<\/p>\n<div class=\"nw-cert-grid\"><div class=\"nw-cert-card\"><a href=\"https:\/\/neowaybyose.com\/wp-content\/uploads\/certificaciones\/neoway-T912-CE-certificate.pdf\" target=\"_blank\" download><div class=\"nw-cert-icon\"><svg xmlns=\"http:\/\/www.w3.org\/2000\/svg\" width=\"24\" height=\"24\" viewbox=\"0 0 24 24\"><path d=\"M14 2H6c-1.1 0-2 .9-2 2v16c0 1.1.9 2 2 2h12c1.1 0 2-.9 2-2V8l-6-6zm-1 2l5 5h-5V4zM6 20V4h6v7h6v9H6z\"\/><\/svg><\/div><div class=\"nw-cert-info\"><h4>Certificado CE (RED)<\/h4><span>Directiva Equipos Radioel\u00e9ctricos<\/span><\/div><span class=\"nw-cert-download\">PDF \u2193<\/span><\/a><\/div><div class=\"nw-cert-card\"><a href=\"https:\/\/neowaybyose.com\/wp-content\/uploads\/certificaciones\/declaracion-ue-conformidad-2025-0.pdf\" target=\"_blank\" download><div class=\"nw-cert-icon\"><svg xmlns=\"http:\/\/www.w3.org\/2000\/svg\" width=\"24\" height=\"24\" viewbox=\"0 0 24 24\"><path d=\"M14 2H6c-1.1 0-2 .9-2 2v16c0 1.1.9 2 2 2h12c1.1 0 2-.9 2-2V8l-6-6zm-1 2l5 5h-5V4zM6 20V4h6v7h6v9H6z\"\/><\/svg><\/div><div class=\"nw-cert-info\"><h4>Declaraci\u00f3n UE de Conformidad 2025-0<\/h4><span>Conformidad europea<\/span><\/div><span class=\"nw-cert-download\">PDF \u2193<\/span><\/a><\/div><div class=\"nw-cert-card\"><a href=\"https:\/\/neowaybyose.com\/wp-content\/uploads\/certificaciones\/declaracion-ue-conformidad-2025-1.pdf\" target=\"_blank\" download><div class=\"nw-cert-icon\"><svg xmlns=\"http:\/\/www.w3.org\/2000\/svg\" width=\"24\" height=\"24\" viewbox=\"0 0 24 24\"><path d=\"M14 2H6c-1.1 0-2 .9-2 2v16c0 1.1.9 2 2 2h12c1.1 0 2-.9 2-2V8l-6-6zm-1 2l5 5h-5V4zM6 20V4h6v7h6v9H6z\"\/><\/svg><\/div><div class=\"nw-cert-info\"><h4>Declaraci\u00f3n UE de Conformidad 2025-1<\/h4><span>Conformidad europea actualizada<\/span><\/div><span class=\"nw-cert-download\">PDF \u2193<\/span><\/a><\/div><div class=\"nw-cert-card\"><a href=\"https:\/\/neowaybyose.com\/wp-content\/uploads\/certificaciones\/neoway-N21-CE-RED-certificate.pdf\" target=\"_blank\" download><div class=\"nw-cert-icon\"><svg xmlns=\"http:\/\/www.w3.org\/2000\/svg\" width=\"24\" height=\"24\" viewbox=\"0 0 24 24\"><path d=\"M14 2H6c-1.1 0-2 .9-2 2v16c0 1.1.9 2 2 2h12c1.1 0 2-.9 2-2V8l-6-6zm-1 2l5 5h-5V4zM6 20V4h6v7h6v9H6z\"\/><\/svg><\/div><div class=\"nw-cert-info\"><h4>Certificado CE(RED) N21<\/h4><span>M\u00f3dulo de comunicaciones<\/span><\/div><span class=\"nw-cert-download\">PDF \u2193<\/span><\/a><\/div><div class=\"nw-cert-card\"><a href=\"https:\/\/neowaybyose.com\/wp-content\/uploads\/certificaciones\/neoway-N21-REACH-report.pdf\" target=\"_blank\" download><div class=\"nw-cert-icon\"><svg xmlns=\"http:\/\/www.w3.org\/2000\/svg\" width=\"24\" height=\"24\" viewbox=\"0 0 24 24\"><path d=\"M14 2H6c-1.1 0-2 .9-2 2v16c0 1.1.9 2 2 2h12c1.1 0 2-.9 2-2V8l-6-6zm-1 2l5 5h-5V4zM6 20V4h6v7h6v9H6z\"\/><\/svg><\/div><div class=\"nw-cert-info\"><h4>Informe REACH N21<\/h4><span>Sustancias qu\u00edmicas seguras<\/span><\/div><span class=\"nw-cert-download\">PDF \u2193<\/span><\/a><\/div><div class=\"nw-cert-card\"><a href=\"https:\/\/neowaybyose.com\/wp-content\/uploads\/certificaciones\/neoway-T912-RoHS-report.pdf\" target=\"_blank\" download><div class=\"nw-cert-icon\"><svg xmlns=\"http:\/\/www.w3.org\/2000\/svg\" width=\"24\" height=\"24\" viewbox=\"0 0 24 24\"><path d=\"M14 2H6c-1.1 0-2 .9-2 2v16c0 1.1.9 2 2 2h12c1.1 0 2-.9 2-2V8l-6-6zm-1 2l5 5h-5V4zM6 20V4h6v7h6v9H6z\"\/><\/svg><\/div><div class=\"nw-cert-info\"><h4>Informe RoHS T912<\/h4><span>Sin sustancias peligrosas<\/span><\/div><span class=\"nw-cert-download\">PDF \u2193<\/span><\/a><\/div><div class=\"nw-cert-card\"><a href=\"https:\/\/neowaybyose.com\/wp-content\/uploads\/certificaciones\/neoway-T912-WEEE-report.pdf\" target=\"_blank\" download><div class=\"nw-cert-icon\"><svg xmlns=\"http:\/\/www.w3.org\/2000\/svg\" width=\"24\" height=\"24\" viewbox=\"0 0 24 24\"><path d=\"M14 2H6c-1.1 0-2 .9-2 2v16c0 1.1.9 2 2 2h12c1.1 0 2-.9 2-2V8l-6-6zm-1 2l5 5h-5V4zM6 20V4h6v7h6v9H6z\"\/><\/svg><\/div><div class=\"nw-cert-info\"><h4>Informe WEEE T912<\/h4><span>Reciclaje electr\u00f3nico<\/span><\/div><span class=\"nw-cert-download\">PDF \u2193<\/span><\/a><\/div><div class=\"nw-cert-card\"><a href=\"https:\/\/neowaybyose.com\/wp-content\/uploads\/certificaciones\/final-report-PC23040317.pdf\" target=\"_blank\" download><div class=\"nw-cert-icon\"><svg xmlns=\"http:\/\/www.w3.org\/2000\/svg\" width=\"24\" height=\"24\" viewbox=\"0 0 24 24\"><path d=\"M14 2H6c-1.1 0-2 .9-2 2v16c0 1.1.9 2 2 2h12c1.1 0 2-.9 2-2V8l-6-6zm-1 2l5 5h-5V4zM6 20V4h6v7h6v9H6z\"\/><\/svg><\/div><div class=\"nw-cert-info\"><h4>Informe Final de Ensayo<\/h4><span>Laboratorio de certificaci\u00f3n<\/span><\/div><span class=\"nw-cert-download\">PDF \u2193<\/span><\/a><\/div><div class=\"nw-cert-card\"><a href=\"https:\/\/neowaybyose.com\/wp-content\/uploads\/certificaciones\/certificado-pilas-9v-msds.pdf\" target=\"_blank\" download><div class=\"nw-cert-icon\"><svg xmlns=\"http:\/\/www.w3.org\/2000\/svg\" width=\"24\" height=\"24\" viewbox=\"0 0 24 24\"><path d=\"M14 2H6c-1.1 0-2 .9-2 2v16c0 1.1.9 2 2 2h12c1.1 0 2-.9 2-2V8l-6-6zm-1 2l5 5h-5V4zM6 20V4h6v7h6v9H6z\"\/><\/svg><\/div><div class=\"nw-cert-info\"><h4>Certificado Pilas 9V (MSDS)<\/h4><span>Seguridad de bater\u00eda<\/span><\/div><span class=\"nw-cert-download\">PDF \u2193<\/span><\/a><\/div><div class=\"nw-cert-card\"><a href=\"https:\/\/neowaybyose.com\/wp-content\/uploads\/certificaciones\/T912-9V-battery-specification.pdf\" target=\"_blank\" download><div class=\"nw-cert-icon\"><svg xmlns=\"http:\/\/www.w3.org\/2000\/svg\" width=\"24\" height=\"24\" viewbox=\"0 0 24 24\"><path d=\"M14 2H6c-1.1 0-2 .9-2 2v16c0 1.1.9 2 2 2h12c1.1 0 2-.9 2-2V8l-6-6zm-1 2l5 5h-5V4zM6 20V4h6v7h6v9H6z\"\/><\/svg><\/div><div class=\"nw-cert-info\"><h4>Especificaci\u00f3n Bater\u00eda T912<\/h4><span>Datos t\u00e9cnicos de bater\u00eda<\/span><\/div><span class=\"nw-cert-download\">PDF \u2193<\/span><\/a><\/div><div class=\"nw-cert-card\"><a href=\"https:\/\/neowaybyose.com\/wp-content\/uploads\/certificaciones\/vodafone-WWAN-OTA-report.pdf\" target=\"_blank\" download><div class=\"nw-cert-icon\"><svg xmlns=\"http:\/\/www.w3.org\/2000\/svg\" width=\"24\" height=\"24\" viewbox=\"0 0 24 24\"><path d=\"M14 2H6c-1.1 0-2 .9-2 2v16c0 1.1.9 2 2 2h12c1.1 0 2-.9 2-2V8l-6-6zm-1 2l5 5h-5V4zM6 20V4h6v7h6v9H6z\"\/><\/svg><\/div><div class=\"nw-cert-info\"><h4>Informe OTA Vodafone<\/h4><span>Test de conectividad Vodafone<\/span><\/div><span class=\"nw-cert-download\">PDF \u2193<\/span><\/a><\/div><\/div><\/div>\n<\/div>\n<div class=\"nw-page-section\">\n<div class=\"nw-page-container\">\n<h2 class=\"nw-section-title\">\u00bfQu\u00e9 significan estas certificaciones?<\/h2>\n<div class=\"nw-grid nw-grid-3\">\n<div class=\"nw-card\">\n<h3>CE (RED)<\/h3>\n<p>Certificaci\u00f3n de conformidad europea para equipos radioel\u00e9ctricos. Garantiza que el dispositivo cumple con la Directiva de Equipos Radioel\u00e9ctricos 2014\/53\/UE y puede comercializarse legalmente en toda la UE.<\/p>\n<\/p><\/div>\n<div class=\"nw-card\">\n<h3>Declaraci\u00f3n UE<\/h3>\n<p>Declaraci\u00f3n oficial del fabricante confirmando que el producto cumple con todos los requisitos esenciales de las directivas europeas aplicables, incluyendo seguridad, EMC y radio.<\/p>\n<\/p><\/div>\n<div class=\"nw-card\">\n<h3>RoHS<\/h3>\n<p>Restricci\u00f3n de Sustancias Peligrosas. Certifica que el dispositivo no contiene sustancias t\u00f3xicas prohibidas como plomo, mercurio o cadmio por encima de los l\u00edmites legales.<\/p>\n<\/p><\/div>\n<div class=\"nw-card\">\n<h3>REACH<\/h3>\n<p>Registro, Evaluaci\u00f3n y Autorizaci\u00f3n de Sustancias Qu\u00edmicas. Informe que demuestra el cumplimiento con el reglamento europeo sobre el uso seguro de sustancias qu\u00edmicas en la fabricaci\u00f3n.<\/p>\n<\/p><\/div>\n<div class=\"nw-card\">\n<h3>WEEE<\/h3>\n<p>Directiva sobre Residuos de Aparatos El\u00e9ctricos y Electr\u00f3nicos. Garantiza que el dispositivo puede ser reciclado correctamente al final de su vida \u00fatil.<\/p>\n<\/p><\/div>\n<div class=\"nw-card\">\n<h3>Vodafone OTA<\/h3>\n<p>Informe de pruebas Over-The-Air realizadas con Vodafone, verificando la calidad de conectividad y rendimiento del modem en condiciones reales de red.<\/p>\n<\/p><\/div>\n<\/p><\/div>\n<\/p><\/div>\n<\/div>","protected":false},"excerpt":{"rendered":"<p>Certificaciones Transparencia total. Todas las certificaciones y homologaciones de la baliza Neoway V16 disponibles para descarga p\u00fablica&#8230;.<\/p>","protected":false},"author":1,"featured_media":0,"parent":0,"menu_order":0,"comment_status":"closed","ping_status":"closed","template":"","meta":{"footnotes":""},"class_list":["post-1100","page","type-page","status-publish","hentry"],"jetpack_sharing_enabled":true,"_links":{"self":[{"href":"https:\/\/neowaybyose.com\/en\/wp-json\/wp\/v2\/pages\/1100","targetHints":{"allow":["GET"]}}],"collection":[{"href":"https:\/\/neowaybyose.com\/en\/wp-json\/wp\/v2\/pages"}],"about":[{"href":"https:\/\/neowaybyose.com\/en\/wp-json\/wp\/v2\/types\/page"}],"author":[{"embeddable":true,"href":"https:\/\/neowaybyose.com\/en\/wp-json\/wp\/v2\/users\/1"}],"replies":[{"embeddable":true,"href":"https:\/\/neowaybyose.com\/en\/wp-json\/wp\/v2\/comments?post=1100"}],"version-history":[{"count":0,"href":"https:\/\/neowaybyose.com\/en\/wp-json\/wp\/v2\/pages\/1100\/revisions"}],"wp:attachment":[{"href":"https:\/\/neowaybyose.com\/en\/wp-json\/wp\/v2\/media?parent=1100"}],"curies":[{"name":"wp","href":"https:\/\/api.w.org\/{rel}","templated":true}]}}