{"id":459,"date":"2025-07-07T14:33:51","date_gmt":"2025-07-07T14:33:51","guid":{"rendered":"https:\/\/neowaybyose.com\/?page_id=459"},"modified":"2025-07-09T21:30:11","modified_gmt":"2025-07-09T21:30:11","slug":"saber-mas","status":"publish","type":"page","link":"https:\/\/neowaybyose.com\/en\/home-agency\/saber-mas\/","title":{"rendered":"Saber Mas?"},"content":{"rendered":"<div data-elementor-type=\"wp-page\" data-elementor-id=\"459\" class=\"elementor elementor-459\" data-elementor-post-type=\"page\">\n\t\t\t\t<div class=\"elementor-element elementor-element-42d36a8 e-grid e-con-boxed e-con e-parent\" data-id=\"42d36a8\" data-element_type=\"container\" data-e-type=\"container\">\n\t\t\t\t\t<div class=\"e-con-inner\">\n\t\t\t\t<div class=\"elementor-element elementor-element-71ed2e3 elementor-widget elementor-widget-image\" data-id=\"71ed2e3\" data-element_type=\"widget\" data-e-type=\"widget\" data-widget_type=\"image.default\">\n\t\t\t\t\t\t\t\t\t\t\t\t\t\t\t<img decoding=\"async\" src=\"https:\/\/neowaybyose.com\/wp-content\/plugins\/elementor\/assets\/images\/placeholder.png\" title=\"\" alt=\"\" loading=\"lazy\" \/>\t\t\t\t\t\t\t\t\t\t\t\t\t\t\t<\/div>\n\t\t<div class=\"elementor-element elementor-element-479748f e-con-full e-flex e-con e-child\" data-id=\"479748f\" data-element_type=\"container\" data-e-type=\"container\">\n\t\t\t\t<div class=\"elementor-element elementor-element-211dcce elementor-widget elementor-widget-heading\" data-id=\"211dcce\" data-element_type=\"widget\" data-e-type=\"widget\" data-widget_type=\"heading.default\">\n\t\t\t\t\t<h1 class=\"elementor-heading-title elementor-size-default\">Neoway, l\u00edder mundial en conectividad<\/h1>\t\t\t\t<\/div>\n\t\t<div class=\"elementor-element elementor-element-1a7aabc e-con-full e-flex e-con e-child\" data-id=\"1a7aabc\" data-element_type=\"container\" data-e-type=\"container\">\n\t\t\t\t<div class=\"elementor-element elementor-element-b79bb14 elementor-widget elementor-widget-text-editor\" data-id=\"b79bb14\" data-element_type=\"widget\" data-e-type=\"widget\" data-widget_type=\"text-editor.default\">\n\t\t\t\t\t\t\t\t\t<p>Neoway es uno de los mayores fabricantes de m\u00f3dulos de comunicaci\u00f3n IoT y M2M del mundo.<br data-start=\"1198\" data-end=\"1201\" \/>Somos<strong> n\u00famero 1 en India y China<\/strong> en soluciones para <em data-start=\"1258\" data-end=\"1274\">smart metering<\/em>, colaborando con miles de empresas a nivel global.<br data-start=\"1325\" data-end=\"1328\" \/>Nuestros m\u00f3dulos conectan veh\u00edculos, sensores y dispositivos inteligentes por todo el mundo.<\/p>\t\t\t\t\t\t\t\t<\/div>\n\t\t\t\t<\/div>\n\t\t\t\t<\/div>\n\t\t\t\t\t<\/div>\n\t\t\t\t<\/div>\n\t\t<div class=\"elementor-element elementor-element-5a06da2 e-flex e-con-boxed e-con e-parent\" data-id=\"5a06da2\" data-element_type=\"container\" data-e-type=\"container\">\n\t\t\t\t\t<div class=\"e-con-inner\">\n\t\t<div class=\"elementor-element elementor-element-e3916ff e-grid e-con-full e-con e-child\" data-id=\"e3916ff\" data-element_type=\"container\" data-e-type=\"container\">\n\t\t<div class=\"elementor-element elementor-element-a5061cc e-con-full e-flex e-con e-child\" data-id=\"a5061cc\" data-element_type=\"container\" data-e-type=\"container\">\n\t\t<div class=\"elementor-element elementor-element-ef865eb e-con-full e-flex e-con e-child\" data-id=\"ef865eb\" data-element_type=\"container\" data-e-type=\"container\">\n\t\t\t\t<div class=\"elementor-element elementor-element-3f2cf8e elementor-widget elementor-widget-heading\" data-id=\"3f2cf8e\" data-element_type=\"widget\" data-e-type=\"widget\" data-widget_type=\"heading.default\">\n\t\t\t\t\t<h2 class=\"elementor-heading-title elementor-size-default\">OSE: Producci\u00f3n nacional, calidad europea<\/h2>\t\t\t\t<\/div>\n\t\t\t\t<\/div>\n\t\t\t\t<div class=\"elementor-element elementor-element-69e00f5 elementor-widget elementor-widget-text-editor\" data-id=\"69e00f5\" data-element_type=\"widget\" data-e-type=\"widget\" data-widget_type=\"text-editor.default\">\n\t\t\t\t\t\t\t\t\t<p>OSE (Oversunenergy S.L.) es el fabricante oficial de la baliza Neoway V16 en Europa.<br data-start=\"1724\" data-end=\"1727\" \/>Con m\u00e1s de 40 trabajadores directos e indirectos, instalaciones en Espa\u00f1a y procesos de control redundantes, garantizamos calidad, trazabilidad y cumplimiento total con las normativas V16 y UNE R65.<\/p>\t\t\t\t\t\t\t\t<\/div>\n\t\t\t\t<\/div>\n\t\t<div class=\"elementor-element elementor-element-ad15a8c e-con-full e-flex e-con e-child\" data-id=\"ad15a8c\" data-element_type=\"container\" data-e-type=\"container\">\n\t\t\t\t<div class=\"elementor-element elementor-element-219d389 elementor-widget elementor-widget-image\" data-id=\"219d389\" data-element_type=\"widget\" data-e-type=\"widget\" data-widget_type=\"image.default\">\n\t\t\t\t\t\t\t\t\t\t\t\t\t\t\t<img decoding=\"async\" src=\"https:\/\/neowaybyose.com\/wp-content\/plugins\/elementor\/assets\/images\/placeholder.png\" title=\"\" alt=\"\" loading=\"lazy\" \/>\t\t\t\t\t\t\t\t\t\t\t\t\t\t\t<\/div>\n\t\t\t\t<\/div>\n\t\t\t\t<\/div>\n\t\t\t\t\t<\/div>\n\t\t\t\t<\/div>\n\t\t<div class=\"elementor-element elementor-element-b2eea47 e-flex e-con-boxed e-con e-parent\" data-id=\"b2eea47\" data-element_type=\"container\" data-e-type=\"container\">\n\t\t\t\t\t<div class=\"e-con-inner\">\n\t\t<div class=\"elementor-element elementor-element-e19019a e-grid e-con-full e-con e-child\" data-id=\"e19019a\" data-element_type=\"container\" data-e-type=\"container\">\n\t\t<div class=\"elementor-element elementor-element-d399b7b e-con-full e-flex e-con e-child\" data-id=\"d399b7b\" data-element_type=\"container\" data-e-type=\"container\">\n\t\t\t\t<div class=\"elementor-element elementor-element-cee7139 elementor-widget elementor-widget-heading\" data-id=\"cee7139\" data-element_type=\"widget\" data-e-type=\"widget\" data-widget_type=\"heading.default\">\n\t\t\t\t\t<h2 class=\"elementor-heading-title elementor-size-default\">M\u00f3dulos de comunicaci\u00f3n<\/h2>\t\t\t\t<\/div>\n\t\t<div class=\"elementor-element elementor-element-7835801 e-con-full e-flex e-con e-child\" data-id=\"7835801\" data-element_type=\"container\" data-e-type=\"container\">\n\t\t\t\t<div class=\"elementor-element elementor-element-6695cbe elementor-widget elementor-widget-text-editor\" data-id=\"6695cbe\" data-element_type=\"widget\" data-e-type=\"widget\" data-widget_type=\"text-editor.default\">\n\t\t\t\t\t\t\t\t\t<p>Desarrollamos y suministramos m\u00f3dulos IoT y M2M de alto rendimiento, utilizados en sectores como automoci\u00f3n, energ\u00eda, metering y seguridad. Conectividad fiable en cualquier entorno.<\/p>\t\t\t\t\t\t\t\t<\/div>\n\t\t\t\t<\/div>\n\t\t\t\t<\/div>\n\t\t<div class=\"elementor-element elementor-element-0c919ee e-con-full e-flex e-con e-child\" data-id=\"0c919ee\" data-element_type=\"container\" data-e-type=\"container\">\n\t\t\t\t<div class=\"elementor-element elementor-element-a8782e2 elementor-widget elementor-widget-heading\" data-id=\"a8782e2\" data-element_type=\"widget\" data-e-type=\"widget\" data-widget_type=\"heading.default\">\n\t\t\t\t\t<h2 class=\"elementor-heading-title elementor-size-default\">Balizas homologadas<\/h2>\t\t\t\t<\/div>\n\t\t\t\t<div class=\"elementor-element elementor-element-c792305 elementor-widget elementor-widget-text-editor\" data-id=\"c792305\" data-element_type=\"widget\" data-e-type=\"widget\" data-widget_type=\"text-editor.default\">\n\t\t\t\t\t\t\t\t\t<p>Fabricamos y distribuimos balizas V16 con conectividad certificada. Homologadas por la DGT y la norma UNE R65, listas para cumplir con la normativa obligatoria de 2026.<\/p>\t\t\t\t\t\t\t\t<\/div>\n\t\t\t\t<\/div>\n\t\t<div class=\"elementor-element elementor-element-0d1ec50 e-con-full e-flex e-con e-child\" data-id=\"0d1ec50\" data-element_type=\"container\" data-e-type=\"container\">\n\t\t\t\t<div class=\"elementor-element elementor-element-b07000b elementor-widget elementor-widget-heading\" data-id=\"b07000b\" data-element_type=\"widget\" data-e-type=\"widget\" data-widget_type=\"heading.default\">\n\t\t\t\t\t<h2 class=\"elementor-heading-title elementor-size-default\">Soluciones a medida<\/h2>\t\t\t\t<\/div>\n\t\t\t\t<div class=\"elementor-element elementor-element-c922297 elementor-widget elementor-widget-text-editor\" data-id=\"c922297\" data-element_type=\"widget\" data-e-type=\"widget\" data-widget_type=\"text-editor.default\">\n\t\t\t\t\t\t\t\t\t<p>Integramos m\u00f3dulos de comunicaci\u00f3n en proyectos personalizados para terceros: kits OEM, placas electr\u00f3nicas listas para conectar, firmware y soporte t\u00e9cnico directo.<\/p>\t\t\t\t\t\t\t\t<\/div>\n\t\t\t\t<\/div>\n\t\t\t\t<\/div>\n\t\t\t\t\t<\/div>\n\t\t\t\t<\/div>\n\t\t\t\t<\/div>","protected":false},"excerpt":{"rendered":"<p>Neoway, l\u00edder mundial en conectividad Neoway es uno de los mayores fabricantes de m\u00f3dulos de comunicaci\u00f3n IoT&#8230;<\/p>","protected":false},"author":1,"featured_media":468,"parent":380,"menu_order":0,"comment_status":"closed","ping_status":"closed","template":"elementor_canvas","meta":{"footnotes":""},"class_list":["post-459","page","type-page","status-publish","has-post-thumbnail","hentry"],"jetpack_sharing_enabled":true,"_links":{"self":[{"href":"https:\/\/neowaybyose.com\/en\/wp-json\/wp\/v2\/pages\/459","targetHints":{"allow":["GET"]}}],"collection":[{"href":"https:\/\/neowaybyose.com\/en\/wp-json\/wp\/v2\/pages"}],"about":[{"href":"https:\/\/neowaybyose.com\/en\/wp-json\/wp\/v2\/types\/page"}],"author":[{"embeddable":true,"href":"https:\/\/neowaybyose.com\/en\/wp-json\/wp\/v2\/users\/1"}],"replies":[{"embeddable":true,"href":"https:\/\/neowaybyose.com\/en\/wp-json\/wp\/v2\/comments?post=459"}],"version-history":[{"count":10,"href":"https:\/\/neowaybyose.com\/en\/wp-json\/wp\/v2\/pages\/459\/revisions"}],"predecessor-version":[{"id":503,"href":"https:\/\/neowaybyose.com\/en\/wp-json\/wp\/v2\/pages\/459\/revisions\/503"}],"up":[{"embeddable":true,"href":"https:\/\/neowaybyose.com\/en\/wp-json\/wp\/v2\/pages\/380"}],"wp:featuredmedia":[{"embeddable":true,"href":"https:\/\/neowaybyose.com\/en\/wp-json\/wp\/v2\/media\/468"}],"wp:attachment":[{"href":"https:\/\/neowaybyose.com\/en\/wp-json\/wp\/v2\/media?parent=459"}],"curies":[{"name":"wp","href":"https:\/\/api.w.org\/{rel}","templated":true}]}}